{"id":10683,"date":"2022-04-04T14:47:12","date_gmt":"2022-04-04T14:47:12","guid":{"rendered":"https:\/\/www.trzy.be\/?page_id=10683"},"modified":"2022-06-23T09:53:21","modified_gmt":"2022-06-23T09:53:21","slug":"054-dabrowka-materialy","status":"publish","type":"page","link":"https:\/\/www.trzy.be\/?page_id=10683","title":{"rendered":"051 D\u0105br\u00f3wka &#8211; materia\u0142y"},"content":{"rendered":"","protected":true},"excerpt":{"rendered":"","protected":true},"author":1,"featured_media":0,"parent":0,"menu_order":7,"comment_status":"closed","ping_status":"closed","template":"","meta":{"footnotes":""},"class_list":["post-10683","page","type-page","status-publish","post-password-required","hentry"],"_links":{"self":[{"href":"https:\/\/www.trzy.be\/index.php?rest_route=\/wp\/v2\/pages\/10683","targetHints":{"allow":["GET"]}}],"collection":[{"href":"https:\/\/www.trzy.be\/index.php?rest_route=\/wp\/v2\/pages"}],"about":[{"href":"https:\/\/www.trzy.be\/index.php?rest_route=\/wp\/v2\/types\/page"}],"author":[{"embeddable":true,"href":"https:\/\/www.trzy.be\/index.php?rest_route=\/wp\/v2\/users\/1"}],"replies":[{"embeddable":true,"href":"https:\/\/www.trzy.be\/index.php?rest_route=%2Fwp%2Fv2%2Fcomments&post=10683"}],"version-history":[{"count":31,"href":"https:\/\/www.trzy.be\/index.php?rest_route=\/wp\/v2\/pages\/10683\/revisions"}],"predecessor-version":[{"id":11085,"href":"https:\/\/www.trzy.be\/index.php?rest_route=\/wp\/v2\/pages\/10683\/revisions\/11085"}],"wp:attachment":[{"href":"https:\/\/www.trzy.be\/index.php?rest_route=%2Fwp%2Fv2%2Fmedia&parent=10683"}],"curies":[{"name":"wp","href":"https:\/\/api.w.org\/{rel}","templated":true}]}}