{"id":11172,"date":"2022-09-09T09:58:41","date_gmt":"2022-09-09T09:58:41","guid":{"rendered":"https:\/\/www.trzy.be\/?page_id=11172"},"modified":"2025-03-03T16:22:26","modified_gmt":"2025-03-03T16:22:26","slug":"054-wroclaw-materialy-dla-klientow","status":"publish","type":"page","link":"https:\/\/www.trzy.be\/?page_id=11172","title":{"rendered":"054 Wroc\u0142aw &#8211; materia\u0142y dla Klient\u00f3w"},"content":{"rendered":"","protected":true},"excerpt":{"rendered":"","protected":true},"author":1,"featured_media":0,"parent":0,"menu_order":5,"comment_status":"closed","ping_status":"closed","template":"","meta":{"footnotes":""},"class_list":["post-11172","page","type-page","status-publish","post-password-required","hentry"],"_links":{"self":[{"href":"https:\/\/www.trzy.be\/index.php?rest_route=\/wp\/v2\/pages\/11172","targetHints":{"allow":["GET"]}}],"collection":[{"href":"https:\/\/www.trzy.be\/index.php?rest_route=\/wp\/v2\/pages"}],"about":[{"href":"https:\/\/www.trzy.be\/index.php?rest_route=\/wp\/v2\/types\/page"}],"author":[{"embeddable":true,"href":"https:\/\/www.trzy.be\/index.php?rest_route=\/wp\/v2\/users\/1"}],"replies":[{"embeddable":true,"href":"https:\/\/www.trzy.be\/index.php?rest_route=%2Fwp%2Fv2%2Fcomments&post=11172"}],"version-history":[{"count":48,"href":"https:\/\/www.trzy.be\/index.php?rest_route=\/wp\/v2\/pages\/11172\/revisions"}],"predecessor-version":[{"id":14919,"href":"https:\/\/www.trzy.be\/index.php?rest_route=\/wp\/v2\/pages\/11172\/revisions\/14919"}],"wp:attachment":[{"href":"https:\/\/www.trzy.be\/index.php?rest_route=%2Fwp%2Fv2%2Fmedia&parent=11172"}],"curies":[{"name":"wp","href":"https:\/\/api.w.org\/{rel}","templated":true}]}}